{"id":1420,"date":"2023-05-15T13:05:44","date_gmt":"2023-05-15T13:05:44","guid":{"rendered":"https:\/\/partnershiphub.org\/imprint\/"},"modified":"2023-06-23T07:32:39","modified_gmt":"2023-06-23T07:32:39","slug":"imprint","status":"publish","type":"page","link":"https:\/\/partnershiphub.org\/pl\/imprint\/","title":{"rendered":"Imprint"},"content":{"rendered":"<p>[et_pb_section fb_built=&#8221;1&#8243; custom_padding_last_edited=&#8221;on|desktop&#8221; disabled_on=&#8221;off|off|off&#8221; _builder_version=&#8221;4.21.0&#8243; background_blend=&#8221;overlay&#8221; custom_margin=&#8221;||&#8221; custom_padding=&#8221;60px||110px||false|false&#8221; custom_padding_tablet=&#8221;||||false|false&#8221; custom_padding_phone=&#8221;60px||60px||true|false&#8221; bottom_divider_height_tablet=&#8221;&#8221; bottom_divider_height_phone=&#8221;12px&#8221; bottom_divider_height_last_edited=&#8221;on|phone&#8221; locked=&#8221;off&#8221; global_colors_info=&#8221;{}&#8221;][et_pb_row make_equal=&#8221;on&#8221; _builder_version=&#8221;4.21.0&#8243; max_width=&#8221;860px&#8221; custom_margin=&#8221;||||false|false&#8221; custom_padding=&#8221;0px||0px||true|false&#8221; use_custom_width=&#8221;on&#8221; custom_width_px=&#8221;1280px&#8221; locked=&#8221;off&#8221; global_colors_info=&#8221;{}&#8221;][et_pb_column type=&#8221;4_4&#8243; _builder_version=&#8221;4.16&#8243; custom_padding=&#8221;|||&#8221; global_colors_info=&#8221;{}&#8221; custom_padding__hover=&#8221;|||&#8221;][et_pb_text _builder_version=&#8221;4.21.0&#8243; text_font=&#8221;||||||||&#8221; text_line_height=&#8221;2em&#8221; header_font=&#8221;|700|||||||&#8221; header_font_size=&#8221;58px&#8221; header_line_height=&#8221;1.2em&#8221; header_2_font=&#8221;|300|||||||&#8221; header_2_font_size=&#8221;48px&#8221; header_2_line_height=&#8221;1.4em&#8221; header_3_font=&#8221;||||||||&#8221; header_3_text_color=&#8221;rgba(77,77,77,0.6)&#8221; header_3_font_size=&#8221;19px&#8221; header_3_line_height=&#8221;1.5em&#8221; header_4_font=&#8221;|700||on|||||&#8221; header_4_text_color=&#8221;rgba(0,0,0,0.35)&#8221; header_4_font_size=&#8221;13px&#8221; header_4_letter_spacing=&#8221;2px&#8221; header_4_line_height=&#8221;2em&#8221; text_orientation=&#8221;center&#8221; max_width=&#8221;620px&#8221; max_width_tablet=&#8221;100%&#8221; max_width_phone=&#8221;100%&#8221; max_width_last_edited=&#8221;on|tablet&#8221; module_alignment=&#8221;center&#8221; custom_margin=&#8221;-10px||-10px||true|false&#8221; custom_padding=&#8221;||50px||false|false&#8221; custom_padding_tablet=&#8221;||30px||false|false&#8221; custom_padding_phone=&#8221;||||false|false&#8221; custom_padding_last_edited=&#8221;on|desktop&#8221; header_font_size_tablet=&#8221;48px&#8221; header_font_size_phone=&#8221;11vw&#8221; header_font_size_last_edited=&#8221;on|phone&#8221; header_2_font_size_tablet=&#8221;42px&#8221; header_2_font_size_phone=&#8221;8.7vw&#8221; header_2_font_size_last_edited=&#8221;on|phone&#8221; header_4_font_size_tablet=&#8221;12px&#8221; header_4_font_size_phone=&#8221;&#8221; header_4_font_size_last_edited=&#8221;on|desktop&#8221; locked=&#8221;off&#8221; global_colors_info=&#8221;{}&#8221; header_4_font_size__hover=&#8221;18px&#8221; header_4_font_size__hover_enabled=&#8221;18px&#8221; header_4_letter_spacing__hover=&#8221;0px&#8221; header_4_letter_spacing__hover_enabled=&#8221;0px&#8221; header_4_line_height__hover=&#8221;1em&#8221; header_4_line_height__hover_enabled=&#8221;1em&#8221; header_4_text_shadow_style__hover=&#8221;none&#8221; header_4_text_shadow_style__hover_enabled=&#8221;none&#8221; header_4_text_shadow_color__hover=&#8221;rgba(0,0,0,0.4)&#8221; header_4_text_shadow_color__hover_enabled=&#8221;rgba(0,0,0,0.4)&#8221; header_font_size__hover=&#8221;30px&#8221; header_font_size__hover_enabled=&#8221;30px&#8221; header_letter_spacing__hover=&#8221;0px&#8221; header_letter_spacing__hover_enabled=&#8221;0px&#8221; header_text_shadow_style__hover=&#8221;none&#8221; header_text_shadow_style__hover_enabled=&#8221;none&#8221; header_text_shadow_color__hover=&#8221;rgba(0,0,0,0.4)&#8221; header_text_shadow_color__hover_enabled=&#8221;rgba(0,0,0,0.4)&#8221; header_2_font_size__hover=&#8221;26px&#8221; header_2_font_size__hover_enabled=&#8221;26px&#8221; header_2_letter_spacing__hover=&#8221;0px&#8221; header_2_letter_spacing__hover_enabled=&#8221;0px&#8221; header_2_line_height__hover=&#8221;1em&#8221; header_2_line_height__hover_enabled=&#8221;1em&#8221; header_2_text_shadow_style__hover=&#8221;none&#8221; header_2_text_shadow_style__hover_enabled=&#8221;none&#8221; header_2_text_shadow_color__hover=&#8221;rgba(0,0,0,0.4)&#8221; header_2_text_shadow_color__hover_enabled=&#8221;rgba(0,0,0,0.4)&#8221; header_3_font_size__hover=&#8221;22px&#8221; header_3_font_size__hover_enabled=&#8221;22px&#8221; header_3_letter_spacing__hover=&#8221;0px&#8221; header_3_letter_spacing__hover_enabled=&#8221;0px&#8221; header_3_line_height__hover=&#8221;1em&#8221; header_3_line_height__hover_enabled=&#8221;1em&#8221; header_3_text_shadow_style__hover=&#8221;none&#8221; header_3_text_shadow_style__hover_enabled=&#8221;none&#8221; header_3_text_shadow_color__hover=&#8221;rgba(0,0,0,0.4)&#8221; header_3_text_shadow_color__hover_enabled=&#8221;rgba(0,0,0,0.4)&#8221; header_5_font_size__hover=&#8221;16px&#8221; header_5_font_size__hover_enabled=&#8221;16px&#8221; header_5_letter_spacing__hover=&#8221;0px&#8221; header_5_letter_spacing__hover_enabled=&#8221;0px&#8221; header_5_line_height__hover=&#8221;1em&#8221; header_5_line_height__hover_enabled=&#8221;1em&#8221; header_5_text_shadow_style__hover=&#8221;none&#8221; header_5_text_shadow_style__hover_enabled=&#8221;none&#8221; header_5_text_shadow_color__hover=&#8221;rgba(0,0,0,0.4)&#8221; header_5_text_shadow_color__hover_enabled=&#8221;rgba(0,0,0,0.4)&#8221; header_6_font_size__hover=&#8221;14px&#8221; header_6_font_size__hover_enabled=&#8221;14px&#8221; header_6_letter_spacing__hover=&#8221;0px&#8221; header_6_letter_spacing__hover_enabled=&#8221;0px&#8221; header_6_line_height__hover=&#8221;1em&#8221; header_6_line_height__hover_enabled=&#8221;1em&#8221; header_6_text_shadow_style__hover=&#8221;none&#8221; header_6_text_shadow_style__hover_enabled=&#8221;none&#8221; header_6_text_shadow_color__hover=&#8221;rgba(0,0,0,0.4)&#8221; header_6_text_shadow_color__hover_enabled=&#8221;rgba(0,0,0,0.4)&#8221; header_2_2_font_size__hover=&#8221;26px&#8221; header_3_2_font_size__hover=&#8221;26px&#8221; header_4_2_font_size__hover=&#8221;26px&#8221; header_5_2_font_size__hover=&#8221;26px&#8221; header_6_2_font_size__hover=&#8221;26px&#8221; header_2_2_font_size__hover_enabled=&#8221;26px&#8221; header_3_2_font_size__hover_enabled=&#8221;26px&#8221; header_4_2_font_size__hover_enabled=&#8221;26px&#8221; header_5_2_font_size__hover_enabled=&#8221;26px&#8221; header_6_2_font_size__hover_enabled=&#8221;26px&#8221;]<\/p>\n<h1>Imprint<\/h1>\n<p>[\/et_pb_text][et_pb_text _builder_version=&#8221;4.21.0&#8243; text_font=&#8221;||||||||&#8221; text_text_color=&#8221;#424242&#8243; text_font_size=&#8221;17px&#8221; text_line_height=&#8221;1.51em&#8221; link_font=&#8221;||on||on||||&#8221; link_text_color=&#8221;#02959F&#8221; header_font=&#8221;||||||||&#8221; header_line_height=&#8221;1.3em&#8221; header_2_font=&#8221;|600|||||||&#8221; header_2_text_color=&#8221;#244553&#8243; header_2_line_height=&#8221;1.3em&#8221; header_3_font=&#8221;||||||||&#8221; header_3_text_color=&#8221;#244553&#8243; header_3_line_height=&#8221;1.3em&#8221; header_4_line_height=&#8221;1.3em&#8221; header_5_font=&#8221;||||||||&#8221; header_5_text_color=&#8221;#4d4d4d&#8221; header_5_font_size=&#8221;20px&#8221; header_5_line_height=&#8221;1.3em&#8221; header_6_line_height=&#8221;1.3em&#8221; max_width=&#8221;87%&#8221; max_width_tablet=&#8221;100%&#8221; max_width_phone=&#8221;100%&#8221; max_width_last_edited=&#8221;on|desktop&#8221; module_alignment=&#8221;center&#8221; custom_margin=&#8221;||||false|false&#8221; custom_margin_tablet=&#8221;15px||||false|false&#8221; custom_margin_phone=&#8221;15px||||false|false&#8221; custom_margin_last_edited=&#8221;on|phone&#8221; custom_padding=&#8221;|||&#8221; text_font_size_tablet=&#8221;&#8221; text_font_size_phone=&#8221;15px&#8221; text_font_size_last_edited=&#8221;on|phone&#8221; header_2_font_size_tablet=&#8221;&#8221; header_2_font_size_phone=&#8221;&#8221; header_2_font_size_last_edited=&#8221;on|desktop&#8221; header_3_font_size_tablet=&#8221;&#8221; header_3_font_size_phone=&#8221;24px&#8221; header_3_font_size_last_edited=&#8221;on|phone&#8221; text_orientation_tablet=&#8221;left&#8221; text_orientation_phone=&#8221;left&#8221; text_orientation_last_edited=&#8221;on|desktop&#8221; border_color_left=&#8221;#6091e6&#8243; global_colors_info=&#8221;{}&#8221;]<\/p>\n<p>Imprint zgodnie z \u00a7 5 TMG i \u00a7 55 ust. 2 RStV <br \/>Alliance4Europe gGmbH<br \/>Innere Wiener Strasse 52,<br \/>81667 Monachium (Munich)<br \/>Niemcy (Deutschland)<br \/>Reprezentowany\/reprezentowana przez: Omri Preiss (dyrektor zarz\u0105dzaj\u0105cy)<br \/>Dane kontaktowe:<br \/>Telefon: +49304172411<br \/>Email: info@alliance4europe.eu<br \/>Strona internetowa: <a href=\"https:\/\/www.alliance4europe.eu\" target=\"_blank\" rel=\"noopener\">www.alliance4europe.eu<\/a><br \/>Siedziba sp\u00f3\u0142ki: Monachium\/Monachium<br \/>Rejestr handlowy:<br \/>Rejestr handlowy s\u0105du rejonowego w Monachium pod numerem HRB 245225<br \/>Handelsregister des Amtsgerichts M\u00fcnchen HRB 245225<br \/>Numer identyfikacyjny VAT\/podatku od sprzeda\u017cy: DE321029954<br \/>Odpowiedzialny za tre\u015b\u0107 zgodnie z art. 55 ust. 2 niemieckiej ustawy o radiofonii i telewizji (&#8222;Rundfunkstaatsvertrag&#8221;) \/ Odpowiedzialny zgodnie z art. 55 ust. 2 RStV:  <br \/>Omri Preiss,<br \/>Innere Wiener Strasse 52,<br \/>81667 Monachium, Niemcy<\/p>\n<p>[\/et_pb_text][\/et_pb_column][\/et_pb_row][\/et_pb_section]<\/p>\n","protected":false},"excerpt":{"rendered":"<p>ImprintImprint zgodnie z \u00a7 5 TMG i \u00a7 55 ust. 2 RStV Alliance4Europe gGmbHInnere Wiener Strasse 52,81667 Monachium (Munich)Niemcy (Deutschland)Reprezentowany\/reprezentowana przez: Omri Preiss (dyrektor zarz\u0105dzaj\u0105cy)Dane kontaktowe:Telefon: +49304172411Email: info@alliance4europe.euStrona internetowa: www.alliance4europe.euSiedziba sp\u00f3\u0142ki: Monachium\/MonachiumRejestr handlowy:Rejestr handlowy s\u0105du rejonowego w Monachium pod numerem HRB 245225Handelsregister des Amtsgerichts M\u00fcnchen HRB 245225Numer identyfikacyjny VAT\/podatku od sprzeda\u017cy: DE321029954Odpowiedzialny za tre\u015b\u0107 zgodnie [&hellip;]<\/p>\n","protected":false},"author":2,"featured_media":0,"parent":0,"menu_order":0,"comment_status":"closed","ping_status":"closed","template":"","meta":{"_et_pb_use_builder":"on","_et_pb_old_content":"","_et_gb_content_width":"","footnotes":""},"class_list":["post-1420","page","type-page","status-publish","hentry"],"_links":{"self":[{"href":"https:\/\/partnershiphub.org\/pl\/wp-json\/wp\/v2\/pages\/1420","targetHints":{"allow":["GET"]}}],"collection":[{"href":"https:\/\/partnershiphub.org\/pl\/wp-json\/wp\/v2\/pages"}],"about":[{"href":"https:\/\/partnershiphub.org\/pl\/wp-json\/wp\/v2\/types\/page"}],"author":[{"embeddable":true,"href":"https:\/\/partnershiphub.org\/pl\/wp-json\/wp\/v2\/users\/2"}],"replies":[{"embeddable":true,"href":"https:\/\/partnershiphub.org\/pl\/wp-json\/wp\/v2\/comments?post=1420"}],"version-history":[{"count":9,"href":"https:\/\/partnershiphub.org\/pl\/wp-json\/wp\/v2\/pages\/1420\/revisions"}],"predecessor-version":[{"id":1546,"href":"https:\/\/partnershiphub.org\/pl\/wp-json\/wp\/v2\/pages\/1420\/revisions\/1546"}],"wp:attachment":[{"href":"https:\/\/partnershiphub.org\/pl\/wp-json\/wp\/v2\/media?parent=1420"}],"curies":[{"name":"wp","href":"https:\/\/api.w.org\/{rel}","templated":true}]}}